{"id":595,"date":"2014-06-06T08:59:13","date_gmt":"2014-06-06T06:59:13","guid":{"rendered":"https:\/\/www.wilrens.org\/de\/?page_id=595"},"modified":"2024-08-02T14:19:12","modified_gmt":"2024-08-02T12:19:12","slug":"kontakt","status":"publish","type":"page","link":"https:\/\/www.wilrens.org\/de\/kontakt\/","title":{"rendered":"Kontakt"},"content":{"rendered":"\n<p class=\"\">F\u00fcr Fragen, Feedback, Mitteilungen: <a href=\"mailto:wh@wilrens.org\">wh@wilrens.org<\/a>. <\/p>\n\n\n\n<p class=\"\">Falls du etwas spenden m\u00f6chtest, <a href=\"https:\/\/www.wilrens.org\/de\/?page_id=2400\">klicke hier<\/a>.<\/p>\n\n\n\n<p class=\"\">Du kannst dich <a href=\"http:\/\/eepurl.com\/cxsf7P\" target=\"_blank\" rel=\"noreferrer noopener\">hier anmelden<\/a> f\u00fcr den monatlichen Lernbrief.<\/p>\n","protected":false},"excerpt":{"rendered":"<p>F\u00fcr Fragen, Feedback, Mitteilungen: wh@wilrens.org. Falls du etwas spenden m\u00f6chtest, klicke hier. Du kannst dich hier anmelden f\u00fcr den monatlichen Lernbrief.<\/p>\n","protected":false},"author":1,"featured_media":2845,"parent":0,"menu_order":0,"comment_status":"open","ping_status":"open","template":"","meta":{"nf_dc_page":"","footnotes":""},"class_list":["post-595","page","type-page","status-publish","has-post-thumbnail","hentry"],"jetpack-related-posts":[{"id":31,"url":"https:\/\/www.wilrens.org\/de\/manifest\/","url_meta":{"origin":595,"position":0},"title":"Pers\u00f6nliches Manifest","author":"wilrens","date":"April 17, 2014","format":false,"excerpt":"August 2024: Im Rahmen der grundlegenden \u00dcberarbeitung dieser Website habe ich vieles ge\u00e4ndert, nicht aber der nachfolgende Text aus 2016 (mit Ausnahme von kleinen Verbesserungen). Er ist nach wie vor mein Ausgangspunkt. Du kannst mich hier kontaktieren. Ich schreibe diesen Text in erster Linie f\u00fcr mich selbst. Ich m\u00f6chte schriftlich\u2026","rel":"","context":"Similar post","block_context":{"text":"Similar post","link":""},"img":{"alt_text":"","src":"https:\/\/i0.wp.com\/www.wilrens.org\/de\/wp-content\/uploads\/2024\/08\/wandf-kristiansand-scaled.jpg?fit=1200%2C800&ssl=1&resize=350%2C200","width":350,"height":200,"srcset":"https:\/\/i0.wp.com\/www.wilrens.org\/de\/wp-content\/uploads\/2024\/08\/wandf-kristiansand-scaled.jpg?fit=1200%2C800&ssl=1&resize=350%2C200 1x, https:\/\/i0.wp.com\/www.wilrens.org\/de\/wp-content\/uploads\/2024\/08\/wandf-kristiansand-scaled.jpg?fit=1200%2C800&ssl=1&resize=525%2C300 1.5x, https:\/\/i0.wp.com\/www.wilrens.org\/de\/wp-content\/uploads\/2024\/08\/wandf-kristiansand-scaled.jpg?fit=1200%2C800&ssl=1&resize=700%2C400 2x, https:\/\/i0.wp.com\/www.wilrens.org\/de\/wp-content\/uploads\/2024\/08\/wandf-kristiansand-scaled.jpg?fit=1200%2C800&ssl=1&resize=1050%2C600 3x"},"classes":[]},{"id":2400,"url":"https:\/\/www.wilrens.org\/de\/spenden\/","url_meta":{"origin":595,"position":1},"title":"Spenden","author":"wilrens","date":"September 9, 2022","format":false,"excerpt":"Falls du unseren Dienst mit einer Spende unterst\u00fctzen m\u00f6chtest, gibt es \u00fcber GoGlobal e.V. die M\u00f6glichkeit, daf\u00fcr eine deutsche Spendenbescheinigung zu erhalten: GoGlobal e.V. Bank: Volksbank Mittweida IBAN: DE64 8709 6124 0197 2027 18 BIC: GENODEF1MIW Verwendungszweck: Projekt 1104 Hornstra Bitte beachte, dass Spendenbescheinigungen n\u00e4chstes Jahr verschickt werden. Zur Erf\u00fcllung\u2026","rel":"","context":"Similar post","block_context":{"text":"Similar post","link":""},"img":{"alt_text":"","src":"","width":0,"height":0},"classes":[]},{"id":1509,"url":"https:\/\/www.wilrens.org\/de\/datenschutzerklarung\/","url_meta":{"origin":595,"position":2},"title":"Privacy Policy","author":"wilrens","date":"May 24, 2018","format":false,"excerpt":"Datenschutzerkl\u00e4rung(Cooky Policy) Diese Datenschutzerkl\u00e4rung kl\u00e4rt Sie \u00fcber die Art, den Umfang und Zweck der Verarbeitung von personenbezogenen Daten (nachfolgend kurz \u201eDaten\u201c) innerhalb unseres Onlineangebotes und der mit ihm verbundenen Webseiten, Funktionen und Inhalte sowie externen Onlinepr\u00e4senzen, wie z.B. unser Social Media Profile auf (nachfolgend gemeinsam bezeichnet als \u201eOnlineangebot\u201c). Im Hinblick\u2026","rel":"","context":"Similar post","block_context":{"text":"Similar post","link":""},"img":{"alt_text":"","src":"","width":0,"height":0},"classes":[]}],"jetpack_sharing_enabled":true,"_links":{"self":[{"href":"https:\/\/www.wilrens.org\/de\/wp-json\/wp\/v2\/pages\/595","targetHints":{"allow":["GET"]}}],"collection":[{"href":"https:\/\/www.wilrens.org\/de\/wp-json\/wp\/v2\/pages"}],"about":[{"href":"https:\/\/www.wilrens.org\/de\/wp-json\/wp\/v2\/types\/page"}],"author":[{"embeddable":true,"href":"https:\/\/www.wilrens.org\/de\/wp-json\/wp\/v2\/users\/1"}],"replies":[{"embeddable":true,"href":"https:\/\/www.wilrens.org\/de\/wp-json\/wp\/v2\/comments?post=595"}],"version-history":[{"count":5,"href":"https:\/\/www.wilrens.org\/de\/wp-json\/wp\/v2\/pages\/595\/revisions"}],"predecessor-version":[{"id":2846,"href":"https:\/\/www.wilrens.org\/de\/wp-json\/wp\/v2\/pages\/595\/revisions\/2846"}],"wp:featuredmedia":[{"embeddable":true,"href":"https:\/\/www.wilrens.org\/de\/wp-json\/wp\/v2\/media\/2845"}],"wp:attachment":[{"href":"https:\/\/www.wilrens.org\/de\/wp-json\/wp\/v2\/media?parent=595"}],"curies":[{"name":"wp","href":"https:\/\/api.w.org\/{rel}","templated":true}]}}