{"id":31,"date":"2014-04-17T10:03:46","date_gmt":"2014-04-17T08:03:46","guid":{"rendered":"http:\/\/demo.studiopress.com\/genesis"},"modified":"2024-08-08T11:51:13","modified_gmt":"2024-08-08T09:51:13","slug":"manifest","status":"publish","type":"page","link":"https:\/\/www.wilrens.org\/de\/manifest\/","title":{"rendered":"Pers\u00f6nliches Manifest"},"content":{"rendered":"\n<p class=\"\"><em>August 2024: Im Rahmen der grundlegenden \u00dcberarbeitung dieser Website habe ich vieles ge\u00e4ndert, nicht aber der nachfolgende Text aus 2016 (mit Ausnahme von kleinen Verbesserungen). Er ist nach wie vor mein Ausgangspunkt. <\/em><\/p>\n\n\n\n<p class=\"\"><em>Du kannst mich <a href=\"https:\/\/www.wilrens.org\/de\/kontakt\/\">hier kontaktieren<\/a>.<\/em><\/p>\n\n\n\n<hr class=\"wp-block-separator has-alpha-channel-opacity\"\/>\n\n\n\n<p class=\"\">Ich schreibe diesen Text in erster Linie f\u00fcr mich selbst. Ich m\u00f6chte schriftlich festhalten, was ich hier mache und warum. Damit ich es nicht vergesse, und damit ich auf etwas zur\u00fcckgreifen kann. Gleichzeitig k\u00f6nnte es anderen helfen zu verstehen, um was es auf dieser Website geht, und ob sie f\u00fcr sie interessant und sinnvoll ist. Daher hier mein pers\u00f6nliches Manifest.<\/p>\n\n\n\n<p class=\"\">Ich bin Lehrer; das ist meine geistliche Gabe und Berufung. Fast genauso lange wie ich Christ bin, habe ich mich selbst als Lehrer verstanden. Besonders gern unterrichte ich \u00fcber die Bibel und \u00fcber die Probleme und Fragen, die dabei aufkommen. Ein gro\u00dfer Teil dieses Unterrichts hat im Rahmen der Schule f\u00fcr Bibelstudium (SBS) und in Jugend mit einer Mission (JMEM) stattgefunden. Sie bilden seit 1988 meine geistliche Heimat und meinen Arbeitsplatz.<\/p>\n\n\n\n<p class=\"\">In den letzten Jahren ist mir dabei langsam aber sicher ein wesentlicher Punkt klar geworden. Sinn und Zweck des Unterrichts ist nicht zu unterrichten. Der Unterricht ist ein Mittel zum Zweck. Und dieser Zweck, das eigentliche Ziel, ist es, dass Menschen lernen. Aus dem Grund habe ich angefangen, das, was ich mir selbst sage, umzuformulieren. Ich sage nicht: \u201eIch unterrichte\u201c, sondern: \u201eIch kreiere Lernerfahrungen\u201c. <\/p>\n\n\n\n<p class=\"\">Auch dieser Plattform dient diesem Ziel. Er soll ein Ort zum Lernen sein, ein <i>Learning Site<\/i>. Ich habe vor, regelm\u00e4\u00dfig das, was ich im Bereich Bibelkunde oder Unterricht selber lerne, als E-Mail, Blogeintrag und Video-Podcast zu ver\u00f6ffentlichen.<\/p>\n\n\n\n<h2 class=\"wp-block-heading\">Leserschaft<\/h2>\n\n\n\n<p class=\"\">F\u00fcr wen sind diese Ver\u00f6ffentlichungen gedacht? Ganz am Anfang hatte ich Mitarbeiter der SBS und des Bible Core Course (BCC) sowie ihre Absolventen vor Augen. Meine Idee war, einen SBS\/BCC-Trainingsbrief zu starten. Ich bin mir aber sicher, dass der Kreis von Leuten, die die Bibel unterrichten oder sich f\u00fcr fundierte Bibelauslegung interessieren, wesentlich gr\u00f6\u00dfer ist. Also, auch f\u00fcr sie ist Create a Learning Site gedacht. <\/p>\n\n\n\n<p class=\"\">Es ist mir immer wichtig gewesen, die L\u00fccke zwischen guter Bibelforschung und Menschen in der Gemeinde (oder in JMEM) zu \u00fcberbr\u00fccken. Somit ist dieser Plattform (ich vermische jetzt meine Metaphern) auch eine Br\u00fccke: eine Br\u00fccke, die es uns erm\u00f6glichen sollte, in den Genuss der Frucht solider Bibelwissenschaft zu gelangen. <\/p>\n\n\n\n<h2 class=\"wp-block-heading\">Studium als geistliche \u00dcbung<\/h2>\n\n\n\n<p class=\"\">Es gibt noch eine weitere Zutat. Ich interessiere mich nicht f\u00fcr Wissen und Lernen als Ziel an sich. Sie sind f\u00fcr mich in erster Linie wichtig als Weg oder Zugang zu Gott. Es geht mir um Studium und Forschung als geistliche \u00dcbung. Dabei handelt es sich nicht um eine moderne Erfindung, sondern um einen Klassiker. Und wie bei allen geistlichen \u00dcbungen, ist das Ziel Gott zu kennen. Der Bibelwissenschaftler Gordon Fee sagt es so: \u201eDas eigentliche Ziel aller wahren Theologie ist Doxologie\u201c [das hei\u00dft, die Lobpreisung Gottes]. <\/p>\n\n\n\n<p class=\"\">Anders gesagt, das, wozu ich beitragen m\u00f6chte, ist ein gesundes Denken verbunden mit tiefer Gottesliebe, indem wir uns gemeinsam an Gottes Wort und Weisheit ern\u00e4hren. <\/p>\n\n\n\n<p class=\"\">Wenn dir solche \u00dcberlegungen zusprechen, sind dieser Blog und diese E-Mails f\u00fcr dich. Warum nicht einfach ausprobieren und dich f\u00fcr regelm\u00e4\u00dfige Updates anmelden? Neue Abonnenten erhalten den Link zum eBuch <i>Entdecke die Bibel!<\/i>, eine vereinfachte Einf\u00fchrung in die Studienmethode der Schule f\u00fcr Bibelstudium und zu <em>Digitaler Werkzeugkasten: Internet-Ressourcen f\u00fcr Bibelstudium und Bibellehre<\/em>.<\/p>\n\n\n\n<figure class=\"wp-block-image aligncenter\"><img data-recalc-dims=\"1\" loading=\"lazy\" decoding=\"async\" width=\"300\" height=\"200\" src=\"https:\/\/i0.wp.com\/www.wilrens.org\/de\/wp-content\/uploads\/2017\/01\/20160606_sfe_Hornstra-30.jpg?resize=300%2C200&#038;ssl=1\" alt=\"\" class=\"wp-image-1142\" srcset=\"https:\/\/i0.wp.com\/www.wilrens.org\/de\/wp-content\/uploads\/2017\/01\/20160606_sfe_Hornstra-30.jpg?resize=300%2C200&amp;ssl=1 300w, https:\/\/i0.wp.com\/www.wilrens.org\/de\/wp-content\/uploads\/2017\/01\/20160606_sfe_Hornstra-30.jpg?resize=768%2C512&amp;ssl=1 768w, https:\/\/i0.wp.com\/www.wilrens.org\/de\/wp-content\/uploads\/2017\/01\/20160606_sfe_Hornstra-30.jpg?resize=1024%2C683&amp;ssl=1 1024w, https:\/\/i0.wp.com\/www.wilrens.org\/de\/wp-content\/uploads\/2017\/01\/20160606_sfe_Hornstra-30.jpg?w=2000&amp;ssl=1 2000w\" sizes=\"auto, (max-width: 300px) 100vw, 300px\" \/><\/figure>\n\n\n\n<div class=\"wp-block-group alignfull has-global-padding is-layout-constrained wp-container-core-group-is-layout-2df14bad wp-block-group-is-layout-constrained\" style=\"margin-top:0;margin-bottom:0;padding-top:var(--wp--preset--spacing--10);padding-right:var(--wp--preset--spacing--50);padding-bottom:var(--wp--preset--spacing--10);padding-left:var(--wp--preset--spacing--50)\">\n<div class=\"wp-block-group alignwide has-base-2-background-color has-background has-global-padding is-layout-constrained wp-container-core-group-is-layout-4eef32b3 wp-block-group-is-layout-constrained\" style=\"border-radius:16px;padding-top:var(--wp--preset--spacing--10);padding-right:var(--wp--preset--spacing--50);padding-bottom:var(--wp--preset--spacing--10);padding-left:var(--wp--preset--spacing--50)\">\n<h2 class=\"wp-block-heading has-text-align-center has-x-large-font-size\">Monatliche Updates als E-Mail?<\/h2>\n\n\n\n<div class=\"wp-block-buttons is-content-justification-center is-layout-flex wp-container-core-buttons-is-layout-a89b3969 wp-block-buttons-is-layout-flex\">\n<div class=\"wp-block-button\" id=\"mailmunch-pop-1148795\"><a class=\"wp-block-button__link wp-element-button\" href=\"http:\/\/eepurl.com\/cxsf7P\" target=\"_blank\" rel=\"noreferrer noopener\">Ja!<\/a><\/div>\n<\/div>\n<\/div>\n<\/div>\n\n\n\n<p class=\"MsoNormal\"><\/p>\n\n\n\n<h2 class=\"wp-block-heading\">\u00dcber mich<\/h2>\n\n\n\n<p class=\"\">Falls du noch mehr \u00fcber mich erfahren m\u00f6chtest: Ich wurde 1961 in Rotterdam, die Niederlande geboren. 25 Jahre sp\u00e4ter schloss ich ein Biologiestudium an der Universit\u00e4t von Utrecht ab (ja, dies ist die Kurzversion). <\/p>\n\n\n\n<p class=\"\">Es war schon immer meine Leidenschaft, zu lernen. Ich habe den StrengthsFinder Test nicht gemacht, bin mir aber sicher, dass Lernen in diesem Test eins meiner wichtigsten Talente ist. W\u00e4hrend meines Studiums an der Uni hatten sich meine Interessen zwar verschoben: von Biologie und Natur hin zu Gott und der geistlichen Welt. Die tiefe Sehnsucht zu lernen blieb. <\/p>\n\n\n\n<p class=\"\">Aus dem Grund schloss ich mich JMEM an und erwarb einen zweiten Abschluss in Bibelwissenschaft. Ein Teil des Studienprogramms war die SBS, ein neunmonatiger Kurs, in dem die Studenten jedes Bibelbuch eingehend studieren und analysieren. Ich liebte es. Mir war klar, dass ich meinen Platz und meinen Plattform gefunden hatte. <\/p>\n\n\n\n<p class=\"\">\u00dcber viele Jahre leitete ich die SBS in Deutschland. Einige meiner Lieblingsb\u00fccher in der Bibel zum Studieren und Unterrichten sind Jesaja, die Offenbarung, R\u00f6mer, 1. Mose, Galater, die Korintherbriefe und, hm, etwa 50 weitere B\u00fccher. <\/p>\n\n\n\n<p class=\"\">W\u00e4hrend meiner Jahre in der SBS Deutschland promovierte ich Doktor (Ph.D.) am Oxford Centre for Mission Studies. Das Thema war christlicher Zionismus in Deutschland. Wieder war ich am Lernen; es war gro\u00dfartig. 2007 schloss ich dieses Projekt ab.<\/p>\n\n\n\n<p class=\"\">In den Jahren danach war mir unklar, wie die Reise weitergehen sollte. Meine Mitarbeit in der SBS Deutschland ging 2010 zu Ende. Ich half mit, ein Leadership Retreat Centre f\u00fcr YWAM in der Region Malaga, Spanien, aufzubauen. Meine Frau und ich begannen den <a href=\"https:\/\/www.ElijahsInn.org\" target=\"_blank\" rel=\"noreferrer noopener\">Elijah\u2019s Inn<\/a> Dienst. Und ich unterrichtete von Zeit zu Zeit in einer SBS. Aber ich hatte die Orientierung etwas verloren.<\/p>\n\n\n\n<p class=\"\">Vielleicht muss man zur\u00fccklassen, was man liebt, um herauszufinden, wie sehr man es liebt. Oder man sollte versuchen, jemand anders zu sein, damit man entdeckt, wer man wirklich ist. Dieser Plattform geht hervor aus diesen Jahren der Krise und der Desorientierung. Er ist Teil eines Neuanfangs. Er ist mein neues Klassenzimmer, mein <span style=\"text-decoration: line-through;\">Unterrichtsraum<\/span> \u2013 ups, ich meine nat\u00fcrlich Lernzimmer<span lang=\"EN-GB\" style=\"mso-ansi-language: EN-GB;\">.<\/span><\/p>\n\n\n\n<figure class=\"wp-block-image aligncenter\"><img data-recalc-dims=\"1\" loading=\"lazy\" decoding=\"async\" width=\"300\" height=\"266\" src=\"https:\/\/i0.wp.com\/www.wilrens.org\/de\/wp-content\/uploads\/2017\/01\/20160606_sfe_Hornstra-26-tumblr-1.jpg?resize=300%2C266&#038;ssl=1\" alt=\"\" class=\"wp-image-1145\" srcset=\"https:\/\/i0.wp.com\/www.wilrens.org\/de\/wp-content\/uploads\/2017\/01\/20160606_sfe_Hornstra-26-tumblr-1.jpg?resize=300%2C266&amp;ssl=1 300w, https:\/\/i0.wp.com\/www.wilrens.org\/de\/wp-content\/uploads\/2017\/01\/20160606_sfe_Hornstra-26-tumblr-1.jpg?resize=768%2C681&amp;ssl=1 768w, https:\/\/i0.wp.com\/www.wilrens.org\/de\/wp-content\/uploads\/2017\/01\/20160606_sfe_Hornstra-26-tumblr-1.jpg?resize=1024%2C907&amp;ssl=1 1024w, https:\/\/i0.wp.com\/www.wilrens.org\/de\/wp-content\/uploads\/2017\/01\/20160606_sfe_Hornstra-26-tumblr-1.jpg?w=2000&amp;ssl=1 2000w\" sizes=\"auto, (max-width: 300px) 100vw, 300px\" \/><\/figure>\n\n\n\n<div class=\"wp-block-group alignfull has-global-padding is-layout-constrained wp-container-core-group-is-layout-2df14bad wp-block-group-is-layout-constrained\" style=\"margin-top:0;margin-bottom:0;padding-top:var(--wp--preset--spacing--10);padding-right:var(--wp--preset--spacing--50);padding-bottom:var(--wp--preset--spacing--10);padding-left:var(--wp--preset--spacing--50)\">\n<div class=\"wp-block-group alignwide has-base-2-background-color has-background has-global-padding is-layout-constrained wp-container-core-group-is-layout-4eef32b3 wp-block-group-is-layout-constrained\" style=\"border-radius:16px;padding-top:var(--wp--preset--spacing--10);padding-right:var(--wp--preset--spacing--50);padding-bottom:var(--wp--preset--spacing--10);padding-left:var(--wp--preset--spacing--50)\">\n<h2 class=\"wp-block-heading has-text-align-center has-x-large-font-size\">Monatliche Updates als E-Mail?<\/h2>\n\n\n\n<div class=\"wp-block-buttons is-content-justification-center is-layout-flex wp-container-core-buttons-is-layout-a89b3969 wp-block-buttons-is-layout-flex\">\n<div class=\"wp-block-button\" id=\"mailmunch-pop-1148795\"><a class=\"wp-block-button__link wp-element-button\" href=\"http:\/\/eepurl.com\/cxsf7P\" target=\"_blank\" rel=\"noreferrer noopener\">Ja!<\/a><\/div>\n<\/div>\n<\/div>\n<\/div>\n\n\n\n<p class=\"MsoNormal\"><span lang=\"EN-GB\" style=\"mso-ansi-language: EN-GB;\">Probiere es aus! Melde dich an und ich werde dir einen Link mailen zu &#8220;Entdecke die Bibel!&#8221; Und: K\u00fcnfige Trainingsbriefe erh\u00e4ltst du dann bequem in deinen Inbox. <\/span><\/p>\n\n\n\n<p class=\"MsoNormal\"><em><a href=\"https:\/\/www.wilrens.org\/de\/2014\/04\/this-is-a-featured-post-1\/\">In einem der ersten Posts<\/a> schreibe ich mehr \u00fcber meine Gr\u00fcnde, dieses Blog anzufangen.<\/em><\/p>\n\n\n\n<hr class=\"wp-block-separator has-alpha-channel-opacity\"\/>\n\n\n\n<p class=\"MsoNormal\">F\u00fcr die Resultate die du nach der Benutzung von externen Links von dieser Seite aus auf deinem Bildschirm siehst, bin ich nicht unmittelbar verantwortlich. Deshalb distanziere ich mich aus rechtlichen Gr\u00fcnden ausdr\u00fccklich von den Inhalten aller mit dieser website verlinkten Seiten. Ich bem\u00fche mich um sorgf\u00e4ltige Auswahl und Pr\u00fcfung der von mir geschalteten Links. Bitte kontaktiere bei Fragen oder Unklarheiten immer zuerst den Herausgeber der jeweiligen Internetseiten.<\/p>\n\n\n\n<p class=\"MsoNormal\"><span lang=\"EN-GB\" style=\"mso-ansi-language: EN-GB;\">Disclaimer: Nothing I publish or express through this platform represents an official position of YWAM or of the SBS; it contains my personal reflections and opinions. <\/span><\/p>\n","protected":false},"excerpt":{"rendered":"<p>August 2024: Im Rahmen der grundlegenden \u00dcberarbeitung dieser Website habe ich vieles ge\u00e4ndert, nicht aber der nachfolgende Text aus 2016 (mit Ausnahme von kleinen Verbesserungen). Er ist nach wie vor mein Ausgangspunkt. Du kannst mich hier kontaktieren. Ich schreibe diesen Text in erster Linie f\u00fcr mich selbst. Ich m\u00f6chte schriftlich festhalten, was ich hier mache [&hellip;]<\/p>\n","protected":false},"author":1,"featured_media":3061,"parent":0,"menu_order":0,"comment_status":"open","ping_status":"closed","template":"","meta":{"nf_dc_page":"","footnotes":""},"class_list":["post-31","page","type-page","status-publish","has-post-thumbnail","hentry"],"jetpack-related-posts":[{"id":1509,"url":"https:\/\/www.wilrens.org\/de\/datenschutzerklarung\/","url_meta":{"origin":31,"position":0},"title":"Privacy Policy","author":"wilrens","date":"May 24, 2018","format":false,"excerpt":"Datenschutzerkl\u00e4rung(Cooky Policy) Diese Datenschutzerkl\u00e4rung kl\u00e4rt Sie \u00fcber die Art, den Umfang und Zweck der Verarbeitung von personenbezogenen Daten (nachfolgend kurz \u201eDaten\u201c) innerhalb unseres Onlineangebotes und der mit ihm verbundenen Webseiten, Funktionen und Inhalte sowie externen Onlinepr\u00e4senzen, wie z.B. unser Social Media Profile auf (nachfolgend gemeinsam bezeichnet als \u201eOnlineangebot\u201c). Im Hinblick\u2026","rel":"","context":"Similar post","block_context":{"text":"Similar post","link":""},"img":{"alt_text":"","src":"","width":0,"height":0},"classes":[]},{"id":2400,"url":"https:\/\/www.wilrens.org\/de\/spenden\/","url_meta":{"origin":31,"position":1},"title":"Spenden","author":"wilrens","date":"September 9, 2022","format":false,"excerpt":"Falls du unseren Dienst mit einer Spende unterst\u00fctzen m\u00f6chtest, gibt es \u00fcber GoGlobal e.V. die M\u00f6glichkeit, daf\u00fcr eine deutsche Spendenbescheinigung zu erhalten: GoGlobal e.V. Bank: Volksbank Mittweida IBAN: DE64 8709 6124 0197 2027 18 BIC: GENODEF1MIW Verwendungszweck: Projekt 1104 Hornstra Bitte beachte, dass Spendenbescheinigungen n\u00e4chstes Jahr verschickt werden. Zur Erf\u00fcllung\u2026","rel":"","context":"Similar post","block_context":{"text":"Similar post","link":""},"img":{"alt_text":"","src":"","width":0,"height":0},"classes":[]},{"id":595,"url":"https:\/\/www.wilrens.org\/de\/kontakt\/","url_meta":{"origin":31,"position":2},"title":"Kontakt","author":"wilrens","date":"June 6, 2014","format":false,"excerpt":"F\u00fcr Fragen, Feedback, Mitteilungen: wh@wilrens.org. Falls du etwas spenden m\u00f6chtest, klicke hier. Du kannst dich hier anmelden f\u00fcr den monatlichen Lernbrief.","rel":"","context":"Similar post","block_context":{"text":"Similar post","link":""},"img":{"alt_text":"","src":"https:\/\/i0.wp.com\/www.wilrens.org\/de\/wp-content\/uploads\/2024\/08\/Schier-2021-klein-scaled.jpg?fit=1200%2C900&ssl=1&resize=350%2C200","width":350,"height":200,"srcset":"https:\/\/i0.wp.com\/www.wilrens.org\/de\/wp-content\/uploads\/2024\/08\/Schier-2021-klein-scaled.jpg?fit=1200%2C900&ssl=1&resize=350%2C200 1x, https:\/\/i0.wp.com\/www.wilrens.org\/de\/wp-content\/uploads\/2024\/08\/Schier-2021-klein-scaled.jpg?fit=1200%2C900&ssl=1&resize=525%2C300 1.5x, https:\/\/i0.wp.com\/www.wilrens.org\/de\/wp-content\/uploads\/2024\/08\/Schier-2021-klein-scaled.jpg?fit=1200%2C900&ssl=1&resize=700%2C400 2x, https:\/\/i0.wp.com\/www.wilrens.org\/de\/wp-content\/uploads\/2024\/08\/Schier-2021-klein-scaled.jpg?fit=1200%2C900&ssl=1&resize=1050%2C600 3x"},"classes":[]}],"jetpack_sharing_enabled":true,"_links":{"self":[{"href":"https:\/\/www.wilrens.org\/de\/wp-json\/wp\/v2\/pages\/31","targetHints":{"allow":["GET"]}}],"collection":[{"href":"https:\/\/www.wilrens.org\/de\/wp-json\/wp\/v2\/pages"}],"about":[{"href":"https:\/\/www.wilrens.org\/de\/wp-json\/wp\/v2\/types\/page"}],"author":[{"embeddable":true,"href":"https:\/\/www.wilrens.org\/de\/wp-json\/wp\/v2\/users\/1"}],"replies":[{"embeddable":true,"href":"https:\/\/www.wilrens.org\/de\/wp-json\/wp\/v2\/comments?post=31"}],"version-history":[{"count":5,"href":"https:\/\/www.wilrens.org\/de\/wp-json\/wp\/v2\/pages\/31\/revisions"}],"predecessor-version":[{"id":2862,"href":"https:\/\/www.wilrens.org\/de\/wp-json\/wp\/v2\/pages\/31\/revisions\/2862"}],"wp:featuredmedia":[{"embeddable":true,"href":"https:\/\/www.wilrens.org\/de\/wp-json\/wp\/v2\/media\/3061"}],"wp:attachment":[{"href":"https:\/\/www.wilrens.org\/de\/wp-json\/wp\/v2\/media?parent=31"}],"curies":[{"name":"wp","href":"https:\/\/api.w.org\/{rel}","templated":true}]}}