{"id":2400,"date":"2022-09-09T14:04:55","date_gmt":"2022-09-09T12:04:55","guid":{"rendered":"https:\/\/www.wilrens.org\/de\/?page_id=2400"},"modified":"2024-08-02T13:54:10","modified_gmt":"2024-08-02T11:54:10","slug":"spenden","status":"publish","type":"page","link":"https:\/\/www.wilrens.org\/de\/spenden\/","title":{"rendered":"Spenden"},"content":{"rendered":"\n<p class=\"\">Falls du unseren Dienst mit einer Spende unterst\u00fctzen m\u00f6chtest, gibt es \u00fcber GoGlobal e.V. die M\u00f6glichkeit, daf\u00fcr eine deutsche Spendenbescheinigung zu erhalten:<\/p>\n\n\n\n<p style=\"padding-right:0;padding-left:var(--wp--preset--spacing--40);line-height:1.2\" class=\"\">GoGlobal e.V.<\/p>\n\n\n\n<p style=\"padding-right:0;padding-left:var(--wp--preset--spacing--40);line-height:1.2\" class=\"\">Bank: Volksbank Mittweida<\/p>\n\n\n\n<p style=\"padding-right:0;padding-left:var(--wp--preset--spacing--40);line-height:1.2\" class=\"\">IBAN: DE64 8709 6124 0197 2027 18<\/p>\n\n\n\n<p style=\"padding-right:0;padding-left:var(--wp--preset--spacing--40);line-height:1.2\" class=\"\">BIC: GENODEF1MIW<\/p>\n\n\n\n<p style=\"padding-right:0;padding-left:var(--wp--preset--spacing--40);line-height:1.3\" class=\"\">Verwendungszweck: Projekt 1104 Hornstra<\/p>\n\n\n\n<p class=\"\">Bitte beachte, dass Spendenbescheinigungen n\u00e4chstes Jahr verschickt werden. Zur Erf\u00fcllung der Anforderungen gem\u00e4\u00df der EU-DSGVO ben\u00f6tigen wir dazu deine Einwilligung zur Speicherung und Verarbeitung deiner Daten. Dazu musst du <a href=\"https:\/\/www.wilrens.org\/de\/wp-content\/uploads\/2019\/04\/GoGlobal-Einwilligung-Spender.pdf\" target=\"_blank\" rel=\"noreferrer noopener\">diese Einvernehmenserkl\u00e4rung<\/a> ausf\u00fcllen und mit Unterschrift an uns zur\u00fccksenden (gedruckt oder digital).<\/p>\n\n\n\n<p class=\"\">Weitere Optionen (u.a. f\u00fcr die USA) werden in diesem Dokument aufgelistet: <a href=\"https:\/\/www.wilrens.org\/wp-content\/uploads\/2019\/09\/Donations-Create-a-Learning-Site.pdf\" target=\"_blank\" rel=\"noreferrer noopener\">Donations<\/a> (in englischer Sprache).<\/p>\n\n\n\n<p class=\"\">F\u00fcr Fragen kannst du gerne Kontakt mit mir aufnehmen: <a href=\"mailto:wh@wilrens.org\">wh@wilrens.org<\/a>.<\/p>\n\n\n\n<p class=\"\">Vielen Dank!<\/p>\n\n\n\n<p class=\"\"><\/p>\n","protected":false},"excerpt":{"rendered":"<p>Falls du unseren Dienst mit einer Spende unterst\u00fctzen m\u00f6chtest, gibt es \u00fcber GoGlobal e.V. die M\u00f6glichkeit, daf\u00fcr eine deutsche Spendenbescheinigung zu erhalten: GoGlobal e.V. Bank: Volksbank Mittweida IBAN: DE64 8709 6124 0197 2027 18 BIC: GENODEF1MIW Verwendungszweck: Projekt 1104 Hornstra Bitte beachte, dass Spendenbescheinigungen n\u00e4chstes Jahr verschickt werden. Zur Erf\u00fcllung der Anforderungen gem\u00e4\u00df der EU-DSGVO [&hellip;]<\/p>\n","protected":false},"author":1,"featured_media":0,"parent":0,"menu_order":0,"comment_status":"closed","ping_status":"closed","template":"","meta":{"nf_dc_page":"","footnotes":""},"class_list":["post-2400","page","type-page","status-publish","hentry"],"jetpack-related-posts":[],"jetpack_sharing_enabled":true,"_links":{"self":[{"href":"https:\/\/www.wilrens.org\/de\/wp-json\/wp\/v2\/pages\/2400","targetHints":{"allow":["GET"]}}],"collection":[{"href":"https:\/\/www.wilrens.org\/de\/wp-json\/wp\/v2\/pages"}],"about":[{"href":"https:\/\/www.wilrens.org\/de\/wp-json\/wp\/v2\/types\/page"}],"author":[{"embeddable":true,"href":"https:\/\/www.wilrens.org\/de\/wp-json\/wp\/v2\/users\/1"}],"replies":[{"embeddable":true,"href":"https:\/\/www.wilrens.org\/de\/wp-json\/wp\/v2\/comments?post=2400"}],"version-history":[{"count":5,"href":"https:\/\/www.wilrens.org\/de\/wp-json\/wp\/v2\/pages\/2400\/revisions"}],"predecessor-version":[{"id":2844,"href":"https:\/\/www.wilrens.org\/de\/wp-json\/wp\/v2\/pages\/2400\/revisions\/2844"}],"wp:attachment":[{"href":"https:\/\/www.wilrens.org\/de\/wp-json\/wp\/v2\/media?parent=2400"}],"curies":[{"name":"wp","href":"https:\/\/api.w.org\/{rel}","templated":true}]}}